{"id":3,"date":"2021-10-22T16:56:53","date_gmt":"2021-10-22T14:56:53","guid":{"rendered":"https:\/\/diaendo.davidsejna.cz\/?page_id=3"},"modified":"2023-05-22T11:59:36","modified_gmt":"2023-05-22T09:59:36","slug":"protection-of-personal-data","status":"publish","type":"page","link":"https:\/\/diaendo.cz\/en\/ochrana-osobnich-udaju\/","title":{"rendered":"Privacy Policy"},"content":{"rendered":"<div data-elementor-type=\"wp-page\" data-elementor-id=\"3\" class=\"elementor elementor-3\" data-elementor-post-type=\"page\">\n\t\t\t\t\t\t<section class=\"elementor-section elementor-top-section elementor-element elementor-element-c27ea4c elementor-section-boxed elementor-section-height-default elementor-section-height-default\" data-id=\"c27ea4c\" data-element_type=\"section\" data-e-type=\"section\" data-settings=\"{&quot;background_background&quot;:&quot;classic&quot;}\">\n\t\t\t\t\t\t<div class=\"elementor-container elementor-column-gap-default\">\n\t\t\t\t\t<div class=\"elementor-column elementor-col-100 elementor-top-column elementor-element elementor-element-c537628\" data-id=\"c537628\" data-element_type=\"column\" data-e-type=\"column\">\n\t\t\t<div class=\"elementor-widget-wrap elementor-element-populated\">\n\t\t\t\t\t\t<div class=\"elementor-element elementor-element-4e309f8 elementor-widget elementor-widget-heading\" data-id=\"4e309f8\" data-element_type=\"widget\" data-e-type=\"widget\" data-widget_type=\"heading.default\">\n\t\t\t\t<div class=\"elementor-widget-container\">\n\t\t\t\t\t<h1 class=\"elementor-heading-title elementor-size-default\">Privacy Policy<\/h1>\t\t\t\t<\/div>\n\t\t\t\t<\/div>\n\t\t\t\t\t<\/div>\n\t\t<\/div>\n\t\t\t\t\t<\/div>\n\t\t<\/section>\n\t\t\t\t<section class=\"elementor-section elementor-top-section elementor-element elementor-element-275637b elementor-section-boxed elementor-section-height-default elementor-section-height-default\" data-id=\"275637b\" data-element_type=\"section\" data-e-type=\"section\" data-settings=\"{&quot;background_background&quot;:&quot;classic&quot;}\">\n\t\t\t\t\t\t<div class=\"elementor-container elementor-column-gap-default\">\n\t\t\t\t\t<div class=\"elementor-column elementor-col-100 elementor-top-column elementor-element elementor-element-0254d63\" data-id=\"0254d63\" data-element_type=\"column\" data-e-type=\"column\">\n\t\t\t<div class=\"elementor-widget-wrap elementor-element-populated\">\n\t\t\t\t\t\t<section class=\"elementor-section elementor-inner-section elementor-element elementor-element-eade151 elementor-section-boxed elementor-section-height-default elementor-section-height-default\" data-id=\"eade151\" data-element_type=\"section\" data-e-type=\"section\">\n\t\t\t\t\t\t<div class=\"elementor-container elementor-column-gap-default\">\n\t\t\t\t\t<div class=\"elementor-column elementor-col-50 elementor-inner-column elementor-element elementor-element-55b3262\" data-id=\"55b3262\" data-element_type=\"column\" data-e-type=\"column\">\n\t\t\t<div class=\"elementor-widget-wrap elementor-element-populated\">\n\t\t\t\t\t\t<div class=\"elementor-element elementor-element-e37f2fd elementor-widget elementor-widget-text-editor\" data-id=\"e37f2fd\" data-element_type=\"widget\" data-e-type=\"widget\" data-widget_type=\"text-editor.default\">\n\t\t\t\t<div class=\"elementor-widget-container\">\n\t\t\t\t\t\t\t\t\t<p>You consent to the processing of your personal data:<\/p>\t\t\t\t\t\t\t\t<\/div>\n\t\t\t\t<\/div>\n\t\t\t\t<div class=\"elementor-element elementor-element-f4762c1 elementor-widget elementor-widget-text-editor\" data-id=\"f4762c1\" data-element_type=\"widget\" data-e-type=\"widget\" data-widget_type=\"text-editor.default\">\n\t\t\t\t<div class=\"elementor-widget-container\">\n\t\t\t\t\t\t\t\t\t<strong>Subject: <\/strong>CC LIFE s.r.o.\t\t\t\t\t\t\t\t<\/div>\n\t\t\t\t<\/div>\n\t\t\t\t<div class=\"elementor-element elementor-element-d1bff5d elementor-widget__width-auto elementor-widget elementor-widget-text-editor\" data-id=\"d1bff5d\" data-element_type=\"widget\" data-e-type=\"widget\" data-widget_type=\"text-editor.default\">\n\t\t\t\t<div class=\"elementor-widget-container\">\n\t\t\t\t\t\t\t\t\t<strong>Headquarters: <\/strong>Trojmezn\u00ed 1537\/46, Libe\u0148,\t\t\t\t\t\t\t\t<\/div>\n\t\t\t\t<\/div>\n\t\t\t\t<div class=\"elementor-element elementor-element-bbd9b91 elementor-widget__width-auto elementor-widget elementor-widget-text-editor\" data-id=\"bbd9b91\" data-element_type=\"widget\" data-e-type=\"widget\" data-widget_type=\"text-editor.default\">\n\t\t\t\t<div class=\"elementor-widget-container\">\n\t\t\t\t\t\t\t\t\tPrague 9, 190 00\t\t\t\t\t\t\t\t<\/div>\n\t\t\t\t<\/div>\n\t\t\t\t<div class=\"elementor-element elementor-element-cf46279 elementor-widget elementor-widget-text-editor\" data-id=\"cf46279\" data-element_type=\"widget\" data-e-type=\"widget\" data-widget_type=\"text-editor.default\">\n\t\t\t\t<div class=\"elementor-widget-container\">\n\t\t\t\t\t\t\t\t\t<strong>ID: <\/strong>11931205 \t\t\t\t\t\t\t\t<\/div>\n\t\t\t\t<\/div>\n\t\t\t\t<div class=\"elementor-element elementor-element-0703214 elementor-widget elementor-widget-text-editor\" data-id=\"0703214\" data-element_type=\"widget\" data-e-type=\"widget\" data-widget_type=\"text-editor.default\">\n\t\t\t\t<div class=\"elementor-widget-container\">\n\t\t\t\t\t\t\t\t\t<strong>TIN: <\/strong>CZ11931205\t\t\t\t\t\t\t\t<\/div>\n\t\t\t\t<\/div>\n\t\t\t\t<div class=\"elementor-element elementor-element-6d15d15 elementor-widget elementor-widget-text-editor\" data-id=\"6d15d15\" data-element_type=\"widget\" data-e-type=\"widget\" data-widget_type=\"text-editor.default\">\n\t\t\t\t<div class=\"elementor-widget-container\">\n\t\t\t\t\t\t\t\t\t<strong>Subject: <\/strong>Limited liability company\t\t\t\t\t\t\t\t<\/div>\n\t\t\t\t<\/div>\n\t\t\t\t<div class=\"elementor-element elementor-element-c9af814 elementor-widget elementor-widget-text-editor\" data-id=\"c9af814\" data-element_type=\"widget\" data-e-type=\"widget\" data-widget_type=\"text-editor.default\">\n\t\t\t\t<div class=\"elementor-widget-container\">\n\t\t\t\t\t\t\t\t\t<strong>File mark: <\/strong>C 356585, Municipal Court in Prague\t\t\t\t\t\t\t\t<\/div>\n\t\t\t\t<\/div>\n\t\t\t\t<div class=\"elementor-element elementor-element-c5fcbd1 elementor-widget elementor-widget-text-editor\" data-id=\"c5fcbd1\" data-element_type=\"widget\" data-e-type=\"widget\" data-widget_type=\"text-editor.default\">\n\t\t\t\t<div class=\"elementor-widget-container\">\n\t\t\t\t\t\t\t\t\t<p>to process personal data in accordance with the Data Protection Act and GDPR as a data controller in accordance with the terms below.<\/p>\t\t\t\t\t\t\t\t<\/div>\n\t\t\t\t<\/div>\n\t\t\t\t\t<\/div>\n\t\t<\/div>\n\t\t\t\t<div class=\"elementor-column elementor-col-50 elementor-inner-column elementor-element elementor-element-589fd09\" data-id=\"589fd09\" data-element_type=\"column\" data-e-type=\"column\">\n\t\t\t<div class=\"elementor-widget-wrap elementor-element-populated\">\n\t\t\t\t\t\t<div class=\"elementor-element elementor-element-528b990 elementor-widget elementor-widget-text-editor\" data-id=\"528b990\" data-element_type=\"widget\" data-e-type=\"widget\" data-widget_type=\"text-editor.default\">\n\t\t\t\t<div class=\"elementor-widget-container\">\n\t\t\t\t\t\t\t\t\t<p>When handling personal data, we act in accordance with the legal order of the Czech Republic and directly applicable regulations of the European Union, in particular Act No. 110\/2019 Coll., on the processing of personal data, as amended, Act No. 480\/2004 Coll. and in accordance with the provisions of Article 13 of Regulation (EU) No. 2016\/679 of the European Parliament and of the Council of 27 April 2016, the General Data Protection Regulation on certain information society services and amending certain laws, as amended.<\/p><p>In the following lines we will explain how and for what purpose we process your personal data and who the processors may be. This information is important, so we hope you will take the time to read it carefully.<\/p>\t\t\t\t\t\t\t\t<\/div>\n\t\t\t\t<\/div>\n\t\t\t\t\t<\/div>\n\t\t<\/div>\n\t\t\t\t\t<\/div>\n\t\t<\/section>\n\t\t\t\t<div class=\"elementor-element elementor-element-af98909 elementor-widget elementor-widget-text-editor\" data-id=\"af98909\" data-element_type=\"widget\" data-e-type=\"widget\" data-widget_type=\"text-editor.default\">\n\t\t\t\t<div class=\"elementor-widget-container\">\n\t\t\t\t\t\t\t\t\t<h3>What data do we process as controllers?<\/h3><h4>Filling in the form<\/h4><ul><li>Name and surname<\/li><li>Telephone number<\/li><li>E-mail address<\/li><\/ul><h4>Newsletter subscription<\/h4><ul><li>Name and surname<\/li><li>E-mail address<\/li><\/ul><h4>Adding a comment\/rating<\/h4><ul><li>Name and surname<\/li><li>E-mail address<\/li><\/ul>\t\t\t\t\t\t\t\t<\/div>\n\t\t\t\t<\/div>\n\t\t\t\t<div class=\"elementor-element elementor-element-3019489 elementor-widget elementor-widget-text-editor\" data-id=\"3019489\" data-element_type=\"widget\" data-e-type=\"widget\" data-widget_type=\"text-editor.default\">\n\t\t\t\t<div class=\"elementor-widget-container\">\n\t\t\t\t\t\t\t\t\t<h3>When is it not necessary to give consent to the processing of personal data?<\/h3><p>We may process personal data without your consent for the following purposes only:<\/p><ul><li><b><strong>Performance of a contract whose subject matter is the provision of a service or product<\/strong><\/b><\/li><li><b><strong>Fulfilling legal obligations<\/strong><\/b>which are derived for us from generally binding legal regulations.<\/li><li>Processing within\u00a0<b><strong>legitimate interest<\/strong><\/b>\u00a0(e.g. for direct marketing, life safety and security).<\/li><\/ul>\t\t\t\t\t\t\t\t<\/div>\n\t\t\t\t<\/div>\n\t\t\t\t<div class=\"elementor-element elementor-element-4de4c55 elementor-widget elementor-widget-text-editor\" data-id=\"4de4c55\" data-element_type=\"widget\" data-e-type=\"widget\" data-widget_type=\"text-editor.default\">\n\t\t\t\t<div class=\"elementor-widget-container\">\n\t\t\t\t\t\t\t\t\t<h3>For what purpose do we manage personal data and for how long?<\/h3><p>The data may be used for commercial and marketing purposes, i.e. to maintain a database of website users and to offer goods and services, for as long as the legal reason for this processing and use of personal and other data lasts. In other words, we collect your personal data for the purpose of enabling you to use our services and to keep you informed about new developments. Read more about the purposes for which we manage each piece of data according to where it is filled in.<\/p><p><b><strong>Filling in the form<\/strong><\/b> - To process the personal data entered when filling in the consent form for the purpose of fulfilling the contract, i.e. for the purpose of delivering the goods or providing the service. Furthermore, we may process this data for the purpose of fulfilling our statutory obligations (in particular registration obligations, archiving of tax documents, etc.) and for the purpose of protecting our legal claims.<\/p><p><b><strong>Identification and address details<\/strong><\/b> we may use in accordance with the so-called legitimate interest for the production of internal statistics. We use the anonymised output from these statistics to improve our services, including analysing user behaviour and marketing.<\/p><p><b><strong>Personal data collected through cookies<\/strong><\/b> we process on the basis of your consent (which you can give by confirming it on the web interface after you have been notified of the use of cookies and have had the opportunity to read this Policy). We are entitled to process the personal data collected through cookies even if you continue to use the web interface after you have been notified of the processing of such personal data. We use the personal data collected through cookies for the purposes of providing user support, improving our services, including analysing user behaviour and marketing.<\/p><p>All personal data provided for the above purposes are provided entirely voluntarily and the expression of consent is done by actively interacting (ticking) the box to consent to their processing or on the basis of a legitimate interest. You can revoke the processing of data for this purpose at any time by emailing\u00a0<\/p>\t\t\t\t\t\t\t\t<\/div>\n\t\t\t\t<\/div>\n\t\t\t\t<div class=\"elementor-element elementor-element-2d0e3a5 elementor-widget elementor-widget-text-editor\" data-id=\"2d0e3a5\" data-element_type=\"widget\" data-e-type=\"widget\" data-widget_type=\"text-editor.default\">\n\t\t\t\t<div class=\"elementor-widget-container\">\n\t\t\t\t\t\t\t\t\t<h3>What other third party services do we use?<\/h3><p>We also use the following third-party services to collect feedback on our services or products and to further promote them, which may collect personal data and work within the scope of the processing agreement or current processing addendum.<\/p>\t\t\t\t\t\t\t\t<\/div>\n\t\t\t\t<\/div>\n\t\t\t\t<div class=\"elementor-element elementor-element-069ca90 elementor-widget elementor-widget-text-editor\" data-id=\"069ca90\" data-element_type=\"widget\" data-e-type=\"widget\" data-widget_type=\"text-editor.default\">\n\t\t\t\t<div class=\"elementor-widget-container\">\n\t\t\t\t\t\t\t\t\t<h3>Who all has access to personal data?<\/h3><p>The processing of personal data is carried out by the Controller within the meaning of the ZOO\u00da, but personal data may also be processed for the Controller by other entities (as processors or administrators):<\/p><h4>Processors:<\/h4><ul><li>Software provider <a href=\"https:\/\/www.antstudio.cz\" target=\"_blank\" rel=\"noopener\">ANT studio s.r.o<\/a>., ID No.: 29113229, with registered office at Slovansk\u00e1 alej 2182\/30, 326 00 Plze\u0148, registered at the Registry Court in Plze\u0148, Section C, Insert 25698.<\/li><li>Software provider <a href=\"https:\/\/www.mravenci.cz\/\" target=\"_blank\" rel=\"noopener\">ants online s.r.o.<\/a>, ID No.: 06094953, with registered office at Na J\u00edkalce 2906\/19a, Ji\u017en\u00ed P\u0159edm\u011bst\u00ed, 301 00 Plze\u0148, registered at the Registry Court in Plze\u0148, Section C, Insert 34582.<\/li><\/ul><h4>Administrators:<\/h4><p>Alternatively, we may also instruct other data processors or persons (such as carriers or other persons involved in the performance of the contract and our obligations), but only to the extent necessary for the performance of the contract. We do not transfer personal data to any other person. The personal and other data collected is fully secured against misuse. Personal data will be processed in electronic form in an automated manner or in hard copy form in a non-automated manner. Your personal data will not be transferred to countries outside the European Union.<\/p>\t\t\t\t\t\t\t\t<\/div>\n\t\t\t\t<\/div>\n\t\t\t\t<div class=\"elementor-element elementor-element-f5fd1d6 elementor-widget elementor-widget-text-editor\" data-id=\"f5fd1d6\" data-element_type=\"widget\" data-e-type=\"widget\" data-widget_type=\"text-editor.default\">\n\t\t\t\t<div class=\"elementor-widget-container\">\n\t\t\t\t\t\t\t\t\t<h3>What are my rights in relation to data protection?<\/h3><ul><li>Request information from us about which of your personal data we process.<\/li><li>Request an explanation from us regarding the processing of personal data.<\/li><li>Request access to this data and have it updated or corrected.<\/li><li>Request us to delete this personal data.<\/li><li>Request data transfer.<\/li><li>The right to be informed of a personal data breach in certain cases.<\/li><\/ul><p>You may at any time lodge a complaint regarding the processing of your personal data or the controller's failure to comply with its obligations under the GDPR with a supervisory authority. The supervisory authority in the Czech Republic is the Office for Personal Data Protection, located at Pplk. Sochor 27, 170 00 Prague 7, <a href=\"http:\/\/www.uoou.cz\/\" target=\"_blank\" rel=\"noopener\">www.uoou.cz<\/a>.<\/p>\t\t\t\t\t\t\t\t<\/div>\n\t\t\t\t<\/div>\n\t\t\t\t<div class=\"elementor-element elementor-element-ae64601 elementor-widget elementor-widget-text-editor\" data-id=\"ae64601\" data-element_type=\"widget\" data-e-type=\"widget\" data-widget_type=\"text-editor.default\">\n\t\t\t\t<div class=\"elementor-widget-container\">\n\t\t\t\t\t\t\t\t\t<h3>Updates to the Privacy Policy<\/h3><p>We may modify or update the Privacy Policy from time to time. Any changes to this Privacy Policy will become effective upon posting on this page<\/p><p>These terms and conditions shall take effect on 01.01.2022.<\/p><p>The last update of the terms and conditions was on 01.01.2022.<\/p>\t\t\t\t\t\t\t\t<\/div>\n\t\t\t\t<\/div>\n\t\t\t\t\t<\/div>\n\t\t<\/div>\n\t\t\t\t\t<\/div>\n\t\t<\/section>\n\t\t\t\t<\/div>","protected":false},"excerpt":{"rendered":"<p>Souhlas se zpracov\u00e1n\u00edm osobn\u00edch \u00fadaj\u016f ud\u011blujete: aby v souladu se z\u00e1konem o ochran\u011b osobn\u00edch \u00fadaj\u016f a na\u0159\u00edzen\u00ed GDPR zpracov\u00e1vala jako spr\u00e1vce osobn\u00ed \u00fadaje dle podm\u00ednek n\u00ed\u017ee. P\u0159i nakl\u00e1d\u00e1n\u00ed s osobn\u00edmi \u00fadaji postupujeme v souladu s pr\u00e1vn\u00edm \u0159\u00e1dem \u010cesk\u00e9 republiky a p\u0159\u00edmo pou\u017eiteln\u00fdmi p\u0159edpisy Evropsk\u00e9 unie, zejm\u00e9na se z\u00e1konem \u010d. 110\/2019 Sb., o zpracov\u00e1n\u00ed osobn\u00edch \u00fadaj\u016f, [&hellip;]<\/p>\n","protected":false},"author":4,"featured_media":0,"parent":0,"menu_order":0,"comment_status":"closed","ping_status":"closed","template":"","meta":{"_acf_changed":false,"footnotes":""},"class_list":["post-3","page","type-page","status-publish","hentry"],"acf":[],"_links":{"self":[{"href":"https:\/\/diaendo.cz\/en\/wp-json\/wp\/v2\/pages\/3","targetHints":{"allow":["GET"]}}],"collection":[{"href":"https:\/\/diaendo.cz\/en\/wp-json\/wp\/v2\/pages"}],"about":[{"href":"https:\/\/diaendo.cz\/en\/wp-json\/wp\/v2\/types\/page"}],"author":[{"embeddable":true,"href":"https:\/\/diaendo.cz\/en\/wp-json\/wp\/v2\/users\/4"}],"replies":[{"embeddable":true,"href":"https:\/\/diaendo.cz\/en\/wp-json\/wp\/v2\/comments?post=3"}],"version-history":[{"count":0,"href":"https:\/\/diaendo.cz\/en\/wp-json\/wp\/v2\/pages\/3\/revisions"}],"wp:attachment":[{"href":"https:\/\/diaendo.cz\/en\/wp-json\/wp\/v2\/media?parent=3"}],"curies":[{"name":"wp","href":"https:\/\/api.w.org\/{rel}","templated":true}]}}